{"id":1443,"date":"2023-08-18T22:54:54","date_gmt":"2023-08-18T20:54:54","guid":{"rendered":"http:\/\/www.aulapalau.cat\/instructor\/"},"modified":"2023-10-05T13:04:27","modified_gmt":"2023-10-05T11:04:27","slug":"docentes","status":"publish","type":"page","link":"https:\/\/www.aulapalau.cat\/ca\/docentes\/","title":{"rendered":"Docents"},"content":{"rendered":"\t\t<div data-elementor-type=\"wp-page\" data-elementor-id=\"1443\" class=\"elementor elementor-1443\">\n\t\t\t\t\t\t<section class=\"elementor-section elementor-top-section elementor-element elementor-element-b39095b elementor-section-boxed elementor-section-height-default elementor-section-height-default\" data-id=\"b39095b\" data-element_type=\"section\" data-e-type=\"section\">\n\t\t\t\t\t\t<div class=\"elementor-container elementor-column-gap-default\">\n\t\t\t\t\t<div class=\"elementor-column elementor-col-50 elementor-top-column elementor-element elementor-element-ab7f21a\" data-id=\"ab7f21a\" data-element_type=\"column\" data-e-type=\"column\">\n\t\t\t<div class=\"elementor-widget-wrap elementor-element-populated\">\n\t\t\t\t\t\t<div class=\"elementor-element elementor-element-385c133 elementor-widget__width-initial elementor-widget elementor-widget-image\" data-id=\"385c133\" data-element_type=\"widget\" data-e-type=\"widget\" data-widget_type=\"image.default\">\n\t\t\t\t<div class=\"elementor-widget-container\">\n\t\t\t\t\t\t\t\t\t\t\t\t\t\t\t<img fetchpriority=\"high\" decoding=\"async\" width=\"833\" height=\"730\" src=\"https:\/\/www.aulapalau.cat\/wp-content\/uploads\/2023\/08\/avatar.png\" class=\"attachment-large size-large wp-image-1742\" alt=\"\" srcset=\"https:\/\/www.aulapalau.cat\/wp-content\/uploads\/2023\/08\/avatar.png 833w, https:\/\/www.aulapalau.cat\/wp-content\/uploads\/2023\/08\/avatar-300x263.png 300w, https:\/\/www.aulapalau.cat\/wp-content\/uploads\/2023\/08\/avatar-768x673.png 768w, https:\/\/www.aulapalau.cat\/wp-content\/uploads\/2023\/08\/avatar-14x12.png 14w\" sizes=\"(max-width: 833px) 100vw, 833px\" \/>\t\t\t\t\t\t\t\t\t\t\t\t\t\t\t<\/div>\n\t\t\t\t<\/div>\n\t\t\t\t\t<\/div>\n\t\t<\/div>\n\t\t\t\t<div class=\"elementor-column elementor-col-50 elementor-top-column elementor-element elementor-element-5f4039f\" data-id=\"5f4039f\" data-element_type=\"column\" data-e-type=\"column\">\n\t\t\t<div class=\"elementor-widget-wrap elementor-element-populated\">\n\t\t\t\t\t\t<div class=\"elementor-element elementor-element-765f395 elementor-widget__width-initial elementor-widget elementor-widget-text-editor\" data-id=\"765f395\" data-element_type=\"widget\" data-e-type=\"widget\" data-widget_type=\"text-editor.default\">\n\t\t\t\t<div class=\"elementor-widget-container\">\n\t\t\t\t\t\t\t\t\t<p><strong>Carlos Calder\u00f3n Urreiztieta<\/strong>. DOCENTE PRINCIPAL y COORDINADOR. Formado como Arquitecto en la Universidad Sim\u00f3n Bol\u00edvar, Caracas, Venezuela, en 1982, realiz\u00f3 simult\u00e1neamente sus estudios completos en M\u00fasica, tanto composici\u00f3n como ejecuci\u00f3n e interpretaci\u00f3n del viol\u00edn, junto a historia, est\u00e9tica y filosof\u00eda de la m\u00fasica. Se desempe\u00f1\u00f3 como docente en Historia del Arte y su proyecto de e-learning HDA-online de la Escuela de Comunicaci\u00f3n Visual Prodise\u00f1o en Caracas, Venezuela; as\u00ed como tambi\u00e9n fue su Coordinador Acad\u00e9mico y Director General hasta su traslado a Catalunya en 2003. Una vez all\u00ed obtuvo en 2005 el Diploma de Estudios Avanzados (Master) por la Universidad de Barcelona en Historia de las Ciencias y culmin\u00f3 en julio de 2013 el Doctorado en Humanidades por la Universitat Pompeu Fabra de Barcelona, Espa\u00f1a, orientando sus investigaciones hacia el estudio de la M\u00fasica, el Arte y la Ciencia en el marco de una Historia de la Cultura. Ha sido profesor de Iniciaci\u00f3n al Viol\u00edn, Lenguaje Musical e Inform\u00e1tica Musical en diversas Escuela de M\u00fasica de Catalunya, a la vez que ha impartido numerosos cursos de historia y apreciaci\u00f3n musical en instituciones de prestigio como El Palau de la M\u00fasica Catalana, Liceu de Barcelona, C\u00edrculo del Liceo, Museo de Barcelona, Amics del Liceu, Casa Werner, Colegio de Farmaceutas, y otras.<\/p><p>\u00a0<\/p><p>Algunos comentarios de prensa:<\/p><ul><li style=\"list-style-type: none;\"><ul><li><em>\u201c&#8230;el docente Carlos E. Calder\u00f3n Urreiztieta[&#8230;] domina un tono culto que sintetiza mucha informaci\u00f3n sobre un debate entre la historia de la ciencia, la historia de la m\u00fasica y la cr\u00edtica cultural con rasgos tem\u00e1ticos diversos: de historia, sociolog\u00eda, antropolog\u00eda, f\u00edsica, filosof\u00eda, [&#8230;] Muy bien estructurado y con un toque original en el planteamiento.\u201d &#8211; <\/em>Albert Ferrer Flammarich, Codalario Revista Musical.<\/li><li><em>\u201cCalder\u00f3n consigue hacer unas presentaciones di\u00e1fanas, con un ritmo din\u00e1mico, \u00e1gil, por momentos trepidante [&#8230;] en manos de Calder\u00f3n, los argumentos y ejemplos ser\u00e1n sin duda jugosos.\u201d &#8211; <\/em>Oriol Saladrigas, N\u00favol.<\/li><li><em>\u201cComo vers\u00f3 con su jocosa sabidur\u00eda el siempre imprescindible Carlos Calder\u00f3n en su conferencia previa&#8230;\u201d <\/em>&#8211; Jordi Maddaleno, Platea Magazine.<\/li><li><em>\u201cEn Catalunya, hace tiempo, que expertos como Carlos Calder\u00f3n -entre otros- ayudan a entender la obra musical [&#8230;] Sugiero la asistencia a alguna conferencia divulgativa [&#8230;] yo he escuchado algunas al Palau de la M\u00fasica, a cargo de Carlos Calder\u00f3n, y he salido muy gratificado.\u201d &#8211; <\/em>Joaquim Puyal \u2013 El mat\u00ed de Catalunya Radio.<\/li><\/ul><\/li><\/ul><p>\u00a0<\/p>\t\t\t\t\t\t\t\t<\/div>\n\t\t\t\t<\/div>\n\t\t\t\t<div class=\"elementor-element elementor-element-fc3a091 elementor-widget__width-initial elementor-widget elementor-widget-text-editor\" data-id=\"fc3a091\" data-element_type=\"widget\" data-e-type=\"widget\" data-widget_type=\"text-editor.default\">\n\t\t\t\t<div class=\"elementor-widget-container\">\n\t\t\t\t\t\t\t\t\t<h6><strong>DOCENTES INVITADOS<\/strong><\/h6>\n<p><strong>Mireia Capdevila Candell:<\/strong> Historiadora por la UAB e investigadora es tambi\u00e9n diplomada como Profesor del Grado Medio de Piano, Flauta travesera y Lenguaje Musical en el Conservatorio de M\u00fasica de Sabadell. Combina ambas facetas de m\u00fasico y de historiador con la de \u201ccambiadora de p\u00e1ginas\u201d profesional de las principales salas de concierto entre ellas el Palau de la M\u00fasica Catalana, lo que la avala como una de las personas m\u00e1s acreditadas para explicarnos secretos y t\u00e9cnicas de la lectura musical y la interpretaci\u00f3n musical.<\/p><p><br><\/p>\n<p><strong>Antoni Colomer: <\/strong>Historiador del Arte con amplia formaci\u00f3n musical vocal y conferenciante activo en diversas instituciones de prestigio como El Palau de la M\u00fasica, Liceu de Barcelona, C\u00edrculo del Liceo y otras. Se ha dedicado desde hace a\u00f1os a la Gesti\u00f3n Cultural, la Direcci\u00f3n Art\u00edstica de proyectos musicales, la Cr\u00edtica Musical en diferentes medios y la Comunicaci\u00f3n en el sector cultural.<\/p><p><br><\/p>\n<p><strong>Pere Andreu Jariod: <\/strong>Divulgador musical activo a trav\u00e9s de conferencias, radio y publicaciones diversas. Ha participado en diversos centros c\u00edvicos y aulas de extensi\u00f3n universitaria, as\u00ed como en espacios como el Palau de la M\u00fasica Catalana, la Biblioteca de Catalu\u00f1a, el Museo de la M\u00fasica o los distintos CaixaForums. Realiza una labor radiof\u00f3nica importante a trav\u00e9s de sus programas propios (El Taller del Luthier) y ha colaborado tambi\u00e9n con otros programas radiof\u00f3nicos de Catalunya M\u00fasica.<\/p><p><br><\/p>\n<p><strong>Rosa Massagu\u00e9: <\/strong>Periodista corresponsal en Londres y Roma para El Peri\u00f3dico de Catalunya, donde escribe desde su fundaci\u00f3n en 1978 combina su labor como periodista internacional con la cr\u00f3nica y cr\u00edtica musical caracterizadad siempre por su agudeza, perspicacia y profundidad. Es conferenciante activa en diversas instituciones de prestigio como El Palau de la M\u00fasica, Liceu de Barcelona, C\u00edrculo del Liceo y otras.<\/p><p><br><\/p>\n<p><strong>Sof\u00eda Mart\u00ednez Villar:<\/strong> Especialista en entrenamiento auditivo, flautista, music\u00f3loga y Doctora en Historia, teor\u00eda y cr\u00edtica de las artes. Profesora de Percepci\u00f3n Auditiva y repertorio para flauta en la Escuela superior de m\u00fasica de Catalu\u00f1a. Ha desarrollado programas divulgativos para mejorar la experiencia de escucha del p\u00fablico con orquestas sinf\u00f3nicas como la Orquesta y Coro Nacional de Espa\u00f1a (OCNE), Orquesta sinf\u00f3nica de Castilla y Le\u00f3n (OSCYL) y Orquesta sinf\u00f3nica Camera musicae (OCM). Igualmente, desde 2021 ha participado como conferenciante en el ciclo <em>Parlem de Musica<\/em> de El Palau de la M\u00fasica catalana.<\/p><p><br><\/p>\n<p><strong>Magda Polo Pujadas<\/strong>: Doctora en Filosof\u00eda por la UAB ha desempe\u00f1ado una intensa investigaci\u00f3n en torno a las relaciones entre m\u00fasica y filosof\u00eda y como profesora titular de Est\u00e9tica y Teor\u00eda de las Artes e Historia de la M\u00fasica tanto en Catalunya como en Alemania, Italia y EE. UU. Ha sido profesora en universidades espa\u00f1olas y en la Escuela Superior de M\u00fasica de Catalu\u00f1a. Ha publicado m\u00e1s de cuarenta art\u00edculos especializados y m\u00e1s de treinta libros en su especialidad y participa habitualmente en congresos nacionales e internacionales sobre interdisciplinariedad art\u00edstica, est\u00e9tica y m\u00fasica.<\/p><p><br><\/p>\n<p><strong>Jaume Radigales: <\/strong>Doctor en Historia del Arte (UB) y docente en la UAB URLL ha desempe\u00f1ado una dilatada trayectoria en \u00e1reas de investigaci\u00f3n que se centran en torno a la est\u00e9tica y la interacci\u00f3n entre el lenguaje musical y el audiovisual. Considerado un especialista oper\u00edstico es autor de diversos libros de referencia en torno al tema a la vez que mantiene una actividad como cr\u00edtico musical en revistas como Ritmo y La Vanguardia. Colabora asiduamente con Catalunya M\u00fasica, donde realiza el programa \u201cUna tarda a l\u2019\u00f2pera\u201d, adem\u00e1s de presentar transmisiones oper\u00edsticas en directo desde el Gran Teatro del Liceo.<\/p>\t\t\t\t\t\t\t\t<\/div>\n\t\t\t\t<\/div>\n\t\t\t\t\t<\/div>\n\t\t<\/div>\n\t\t\t\t\t<\/div>\n\t\t<\/section>\n\t\t\t\t<\/div>\n\t\t","protected":false},"excerpt":{"rendered":"<p>Carlos Calder\u00f3n Urreiztieta. DOCENTE PRINCIPAL y COORDINADOR. Formado como Arquitecto en la Universidad Sim\u00f3n Bol\u00edvar, Caracas, Venezuela, en 1982, realiz\u00f3 [&hellip;]<\/p>\n","protected":false},"author":2,"featured_media":1818,"parent":0,"menu_order":0,"comment_status":"closed","ping_status":"closed","template":"","meta":{"site-sidebar-layout":"no-sidebar","site-content-layout":"page-builder","ast-site-content-layout":"full-width-container","site-content-style":"unboxed","site-sidebar-style":"unboxed","ast-global-header-display":"","ast-banner-title-visibility":"","ast-main-header-display":"","ast-hfb-above-header-display":"","ast-hfb-below-header-display":"","ast-hfb-mobile-header-display":"","site-post-title":"","ast-breadcrumbs-content":"","ast-featured-img":"disabled","footer-sml-layout":"","theme-transparent-header-meta":"","adv-header-id-meta":"","stick-header-meta":"","header-above-stick-meta":"","header-main-stick-meta":"","header-below-stick-meta":"","astra-migrate-meta-layouts":"set","ast-page-background-enabled":"default","ast-page-background-meta":{"desktop":{"background-color":"var(--ast-global-color-4)","background-image":"","background-repeat":"repeat","background-position":"center center","background-size":"auto","background-attachment":"scroll","background-type":"","background-media":"","overlay-type":"","overlay-color":"","overlay-opacity":"","overlay-gradient":""},"tablet":{"background-color":"","background-image":"","background-repeat":"repeat","background-position":"center center","background-size":"auto","background-attachment":"scroll","background-type":"","background-media":"","overlay-type":"","overlay-color":"","overlay-opacity":"","overlay-gradient":""},"mobile":{"background-color":"","background-image":"","background-repeat":"repeat","background-position":"center center","background-size":"auto","background-attachment":"scroll","background-type":"","background-media":"","overlay-type":"","overlay-color":"","overlay-opacity":"","overlay-gradient":""}},"ast-content-background-meta":{"desktop":{"background-color":"var(--ast-global-color-5)","background-image":"","background-repeat":"repeat","background-position":"center center","background-size":"auto","background-attachment":"scroll","background-type":"","background-media":"","overlay-type":"","overlay-color":"","overlay-opacity":"","overlay-gradient":""},"tablet":{"background-color":"var(--ast-global-color-5)","background-image":"","background-repeat":"repeat","background-position":"center center","background-size":"auto","background-attachment":"scroll","background-type":"","background-media":"","overlay-type":"","overlay-color":"","overlay-opacity":"","overlay-gradient":""},"mobile":{"background-color":"var(--ast-global-color-5)","background-image":"","background-repeat":"repeat","background-position":"center center","background-size":"auto","background-attachment":"scroll","background-type":"","background-media":"","overlay-type":"","overlay-color":"","overlay-opacity":"","overlay-gradient":""}},"footnotes":""},"class_list":["post-1443","page","type-page","status-publish","has-post-thumbnail","hentry"],"_links":{"self":[{"href":"https:\/\/www.aulapalau.cat\/ca\/wp-json\/wp\/v2\/pages\/1443","targetHints":{"allow":["GET"]}}],"collection":[{"href":"https:\/\/www.aulapalau.cat\/ca\/wp-json\/wp\/v2\/pages"}],"about":[{"href":"https:\/\/www.aulapalau.cat\/ca\/wp-json\/wp\/v2\/types\/page"}],"author":[{"embeddable":true,"href":"https:\/\/www.aulapalau.cat\/ca\/wp-json\/wp\/v2\/users\/2"}],"replies":[{"embeddable":true,"href":"https:\/\/www.aulapalau.cat\/ca\/wp-json\/wp\/v2\/comments?post=1443"}],"version-history":[{"count":41,"href":"https:\/\/www.aulapalau.cat\/ca\/wp-json\/wp\/v2\/pages\/1443\/revisions"}],"predecessor-version":[{"id":2211,"href":"https:\/\/www.aulapalau.cat\/ca\/wp-json\/wp\/v2\/pages\/1443\/revisions\/2211"}],"wp:featuredmedia":[{"embeddable":true,"href":"https:\/\/www.aulapalau.cat\/ca\/wp-json\/wp\/v2\/media\/1818"}],"wp:attachment":[{"href":"https:\/\/www.aulapalau.cat\/ca\/wp-json\/wp\/v2\/media?parent=1443"}],"curies":[{"name":"wp","href":"https:\/\/api.w.org\/{rel}","templated":true}]}}